{"id":16,"date":"2023-03-25T22:25:09","date_gmt":"2023-03-25T21:25:09","guid":{"rendered":"https:\/\/vili.hu\/?page_id=16"},"modified":"2024-03-23T21:03:54","modified_gmt":"2024-03-23T20:03:54","slug":"bemutatkozas","status":"publish","type":"page","link":"https:\/\/vili.hu\/","title":{"rendered":"Bemutatkoz\u00e1s"},"content":{"rendered":"<div class=\"n2_clear\"><ss3-force-full-width data-overflow-x=\"body\" data-horizontal-selector=\"body\"><div class=\"n2-section-smartslider fitvidsignore  n2_clear\" data-ssid=\"2\"><div id=\"n2-ss-2-align\" class=\"n2-ss-align\"><div class=\"n2-padding\"><div id=\"n2-ss-2\" data-creator=\"Smart Slider 3\" data-responsive=\"fullwidth\" class=\"n2-ss-slider n2-ow n2-has-hover n2notransition  \"><div class=\"n2-ss-slider-wrapper-inside\">\n        <div class=\"n2-ss-slider-1 n2_ss__touch_element n2-ow\">\n            <div class=\"n2-ss-slider-2 n2-ow\">\n                                                <div class=\"n2-ss-slider-3 n2-ow\">\n\n                    <div class=\"n2-ss-slide-backgrounds n2-ow-all\"><div class=\"n2-ss-slide-background\" data-public-id=\"1\" data-mode=\"fill\"><div class=\"n2-ss-slide-background-image\" data-blur=\"0\" data-opacity=\"100\" data-x=\"50\" data-y=\"50\" data-alt=\"\" data-title=\"\"><picture class=\"skip-lazy\" data-skip-lazy=\"1\"><img decoding=\"async\" src=\"\/\/vili.hu\/wp-content\/uploads\/2023\/03\/02.jpg\" alt=\"\" title=\"\" loading=\"lazy\" class=\"skip-lazy\" data-skip-lazy=\"1\"><\/picture><\/div><div data-color=\"RGBA(255,255,255,0)\" style=\"background-color: RGBA(255,255,255,0);\" class=\"n2-ss-slide-background-color\"><\/div><\/div><div class=\"n2-ss-slide-background\" data-public-id=\"2\" data-mode=\"fill\"><div class=\"n2-ss-slide-background-image\" data-blur=\"0\" data-opacity=\"100\" data-x=\"50\" data-y=\"50\" data-alt=\"\" data-title=\"\"><picture class=\"skip-lazy\" data-skip-lazy=\"1\"><img decoding=\"async\" src=\"\/\/vili.hu\/wp-content\/uploads\/2023\/03\/01-1.jpg\" alt=\"\" title=\"\" loading=\"lazy\" class=\"skip-lazy\" data-skip-lazy=\"1\"><\/picture><\/div><div data-color=\"RGBA(255,255,255,0)\" style=\"background-color: RGBA(255,255,255,0);\" class=\"n2-ss-slide-background-color\"><\/div><\/div><div class=\"n2-ss-slide-background\" data-public-id=\"3\" data-mode=\"fill\"><div class=\"n2-ss-slide-background-image\" data-blur=\"0\" data-opacity=\"100\" data-x=\"50\" data-y=\"50\" data-alt=\"\" data-title=\"\"><picture class=\"skip-lazy\" data-skip-lazy=\"1\"><img decoding=\"async\" src=\"\/\/vili.hu\/wp-content\/uploads\/2023\/03\/medium_5.jpg\" alt=\"\" title=\"\" loading=\"lazy\" class=\"skip-lazy\" data-skip-lazy=\"1\"><\/picture><\/div><div data-color=\"RGBA(255,255,255,0)\" style=\"background-color: RGBA(255,255,255,0);\" class=\"n2-ss-slide-background-color\"><\/div><\/div><\/div>                    <div class=\"n2-ss-slider-4 n2-ow\">\n                        <svg xmlns=\"http:\/\/www.w3.org\/2000\/svg\" viewBox=\"0 0 600 300\" data-related-device=\"desktopPortrait\" class=\"n2-ow n2-ss-preserve-size n2-ss-preserve-size--slider n2-ss-slide-limiter\"><\/svg><div data-slide-duration=\"0\" data-id=\"3\" data-slide-public-id=\"1\" data-title=\"02\" class=\"n2-ss-slide n2-ow  n2-ss-slide-3\"><div role=\"note\" class=\"n2-ss-slide--focus\" tabindex=\"-1\">02<\/div><div class=\"n2-ss-layers-container n2-ss-slide-limiter n2-ow\"><div class=\"n2-ss-layer n2-ow n-uc-vkcNkS68WxYI\" data-sstype=\"slide\" data-pm=\"default\"><\/div><\/div><\/div><div data-first=\"1\" data-slide-duration=\"0\" data-id=\"4\" data-slide-public-id=\"2\" data-title=\"01\" class=\"n2-ss-slide n2-ow  n2-ss-slide-4\"><div role=\"note\" class=\"n2-ss-slide--focus\" tabindex=\"-1\">01<\/div><div class=\"n2-ss-layers-container n2-ss-slide-limiter n2-ow\"><div class=\"n2-ss-layer n2-ow n-uc-r2Ed6VHUfUF8\" data-sstype=\"slide\" data-pm=\"default\"><\/div><\/div><\/div><div data-slide-duration=\"0\" data-id=\"5\" data-slide-public-id=\"3\" data-title=\"medium_5\" class=\"n2-ss-slide n2-ow  n2-ss-slide-5\"><div role=\"note\" class=\"n2-ss-slide--focus\" tabindex=\"-1\">medium_5<\/div><div class=\"n2-ss-layers-container n2-ss-slide-limiter n2-ow\"><div class=\"n2-ss-layer n2-ow n-uc-i1qhcdfizOPP\" data-sstype=\"slide\" data-pm=\"default\"><\/div><\/div><\/div>                    <\/div>\n\n                                    <\/div>\n            <\/div>\n        <\/div>\n        <div class=\"n2-ss-slider-controls n2-ss-slider-controls-absolute-left-center\"><div style=\"--widget-offset:15px;\" class=\"n2-ss-widget nextend-arrow n2-ow-all nextend-arrow-previous  nextend-arrow-animated-fade\" data-hide-mobileportrait=\"1\" id=\"n2-ss-2-arrow-previous\" role=\"button\" aria-label=\"previous arrow\" tabindex=\"0\"><img loading=\"lazy\" decoding=\"async\" width=\"32\" height=\"32\" class=\"skip-lazy\" data-skip-lazy=\"1\" src=\"data:image\/svg+xml;base64,PHN2ZyB3aWR0aD0iMzIiIGhlaWdodD0iMzIiIHZpZXdCb3g9IjAgMCAzMiAzMiIgeG1sbnM9Imh0dHA6Ly93d3cudzMub3JnLzIwMDAvc3ZnIj4KICAgIDxwYXRoIGQ9Ik0xMS40MzMgMTUuOTkyTDIyLjY5IDUuNzEyYy4zOTMtLjM5LjM5My0xLjAzIDAtMS40Mi0uMzkzLS4zOS0xLjAzLS4zOS0xLjQyMyAwbC0xMS45OCAxMC45NGMtLjIxLjIxLS4zLjQ5LS4yODUuNzYtLjAxNS4yOC4wNzUuNTYuMjg0Ljc3bDExLjk4IDEwLjk0Yy4zOTMuMzkgMS4wMy4zOSAxLjQyNCAwIC4zOTMtLjQuMzkzLTEuMDMgMC0xLjQybC0xMS4yNTctMTAuMjkiCiAgICAgICAgICBmaWxsPSIjZmZmZmZmIiBvcGFjaXR5PSIwLjgiIGZpbGwtcnVsZT0iZXZlbm9kZCIvPgo8L3N2Zz4=\" alt=\"previous arrow\"><\/div><\/div><div class=\"n2-ss-slider-controls n2-ss-slider-controls-absolute-right-center\"><div style=\"--widget-offset:15px;\" class=\"n2-ss-widget nextend-arrow n2-ow-all nextend-arrow-next  nextend-arrow-animated-fade\" data-hide-mobileportrait=\"1\" id=\"n2-ss-2-arrow-next\" role=\"button\" aria-label=\"next arrow\" tabindex=\"0\"><img loading=\"lazy\" decoding=\"async\" width=\"32\" height=\"32\" class=\"skip-lazy\" data-skip-lazy=\"1\" src=\"data:image\/svg+xml;base64,PHN2ZyB3aWR0aD0iMzIiIGhlaWdodD0iMzIiIHZpZXdCb3g9IjAgMCAzMiAzMiIgeG1sbnM9Imh0dHA6Ly93d3cudzMub3JnLzIwMDAvc3ZnIj4KICAgIDxwYXRoIGQ9Ik0xMC43MjIgNC4yOTNjLS4zOTQtLjM5LTEuMDMyLS4zOS0xLjQyNyAwLS4zOTMuMzktLjM5MyAxLjAzIDAgMS40MmwxMS4yODMgMTAuMjgtMTEuMjgzIDEwLjI5Yy0uMzkzLjM5LS4zOTMgMS4wMiAwIDEuNDIuMzk1LjM5IDEuMDMzLjM5IDEuNDI3IDBsMTIuMDA3LTEwLjk0Yy4yMS0uMjEuMy0uNDkuMjg0LS43Ny4wMTQtLjI3LS4wNzYtLjU1LS4yODYtLjc2TDEwLjcyIDQuMjkzeiIKICAgICAgICAgIGZpbGw9IiNmZmZmZmYiIG9wYWNpdHk9IjAuOCIgZmlsbC1ydWxlPSJldmVub2RkIi8+Cjwvc3ZnPg==\" alt=\"next arrow\"><\/div><\/div><\/div><\/div><ss3-loader><\/ss3-loader><\/div><\/div><div class=\"n2_clear\"><\/div><\/div><\/ss3-force-full-width><\/div>\n\n\n<p><br><\/p>\n\n\n\n<hr class=\"wp-block-separator has-alpha-channel-opacity is-style-wide\"\/>\n\n\n\n<div class=\"wp-block-group\"><div class=\"wp-block-group__inner-container is-layout-constrained wp-block-group-is-layout-constrained\">\n<p class=\"has-medium-font-size\">\u00dcdv\u00f6z\u00f6lj\u00fck a <strong>Vili Apartmanh\u00e1z<\/strong> oldal\u00e1n!<br><br><br><kbd><s><img decoding=\"async\" style=\"width: 150px;\" src=\"https:\/\/vili.hu\/wp-content\/uploads\/2023\/03\/3003783.webp\" alt=\"\"><\/s><\/kbd>          A<strong> Vili Apartmanh\u00e1z<\/strong> Keszthely z\u00f6ld\u00f6vezet\u00e9ben, H\u00e9v\u00edzt\u0151l alig 5 km-re, Magyarorsz\u00e1g legnagyobb tav\u00e1t\u00f3l a Balatont\u00f3l mintegy 300 m-re tal\u00e1lhat\u00f3. Minden ig\u00e9nyt kiel\u00e9g\u00edt\u0151 szolg\u00e1ltat\u00e1sokkal v\u00e1rjuk kedves vend\u00e9geinket.<br><br> <br><img decoding=\"async\" style=\"width: 150px;\" src=\"https:\/\/vili.hu\/wp-content\/uploads\/2023\/03\/3003778.webp\" alt=\"\">          Nagy medenc\u00e9nk, k\u00e9nyelmes kerti berendez\u00e9sek biztos\u00edtj\u00e1k a szabad leveg\u0151n val\u00f3 pihen\u00e9st, sz\u00f3rakoz\u00e1st.<br><br><br>  <br><img decoding=\"async\" style=\"width: 150px;\" src=\"https:\/\/vili.hu\/wp-content\/uploads\/2023\/03\/11784807.jpg\" alt=\"\">          Minden szob\u00e1nk a lehet\u0151 legjobban felszerelt, k\u00fcl\u00f6n f\u00fcrd\u0151szob\u00e1val, sz\u00ednes t\u00e9v\u00e9vel, h\u0171t\u0151szekr\u00e9nnyel, gy\u00f6ny\u00f6r\u0171 panor\u00e1m\u00e1s kil\u00e1t\u00e1ssal rendelkezik.<br><br>Apartmanh\u00e1zunk J\u00fanius 01-t\u0151l Szeptember 30-ig tart nyitva.<br><\/p>\n\n\n\n<p class=\"has-medium-font-size\">\u00c1raink:<\/p>\n\n\n\n<p>2 f\u0151re reggelivel 25.000 Ft\/\u00e9jszaka<\/p>\n\n\n\n<p>2 f\u0151re francia\u00e1gyas 25.000 Ft\/\u00e9jszaka<\/p>\n\n\n\n<p>12 \u00e9ves korig 10.000 Ft\/\u00e9jszaka (sz\u00fcl\u0151vel egy szob\u00e1ban, p\u00f3t\u00e1ggyal)<\/p>\n\n\n\n<div class=\"wp-block-group is-vertical is-layout-flex wp-container-core-group-is-layout-8cf370e7 wp-block-group-is-layout-flex\">\n<p class=\"has-medium-font-size\">2 szob\u00e1s csal\u00e1di apartman 4 f\u0151s (2 feln\u0151tt + 2 gyerek)<\/p>\n\n\n\n<p class=\"has-medium-font-size\">reggelivel 35.000 Ft\/\u00e9j<\/p>\n\n\n\n<p class=\"has-medium-font-size\">1 f\u0151re szoba reggelivel 15.000 Ft\/\u00e9j<br><\/p>\n\n\n\n<p class=\"has-medium-font-size\"><br>A szob\u00e1k \u00e1ra tartalmazza a reggeli \u00e1r\u00e1t is.<br><br>18 \u00e9v felett 650,- Ft\/f\u0151\/\u00e9j IFA is j\u00e1rul a k\u00f6lts\u00e9gekhez.<br><br><strong>SZ\u00c9P K\u00e1rtya elfogad\u00f3hely!<\/strong><\/p>\n<\/div>\n\n\n\n<p><\/p>\n<\/div><\/div>\n","protected":false},"excerpt":{"rendered":"<p>\u00dcdv\u00f6z\u00f6lj\u00fck a Vili Apartmanh\u00e1z oldal\u00e1n! A Vili Apartmanh\u00e1z Keszthely z\u00f6ld\u00f6vezet\u00e9ben, H\u00e9v\u00edzt\u0151l alig 5 km-re, Magyarorsz\u00e1g legnagyobb tav\u00e1t\u00f3l a Balatont\u00f3l mintegy 300 m-re tal\u00e1lhat\u00f3. Minden ig\u00e9nyt kiel\u00e9g\u00edt\u0151 szolg\u00e1ltat\u00e1sokkal v\u00e1rjuk kedves vend\u00e9geinket. Nagy medenc\u00e9nk, k\u00e9nyelmes kerti berendez\u00e9sek biztos\u00edtj\u00e1k a szabad leveg\u0151n val\u00f3 pihen\u00e9st, sz\u00f3rakoz\u00e1st. Minden szob\u00e1nk a lehet\u0151 legjobban felszerelt, k\u00fcl\u00f6n f\u00fcrd\u0151szob\u00e1val, sz\u00ednes t\u00e9v\u00e9vel, h\u0171t\u0151szekr\u00e9nnyel, gy\u00f6ny\u00f6r\u0171 panor\u00e1m\u00e1s &#8230; <a title=\"Bemutatkoz\u00e1s\" class=\"read-more\" href=\"https:\/\/vili.hu\/\" aria-label=\"Tov\u00e1bbiak Bemutatkoz\u00e1s\">Olvass tov\u00e1bb<\/a><\/p>\n","protected":false},"author":1,"featured_media":0,"parent":0,"menu_order":0,"comment_status":"closed","ping_status":"open","template":"","meta":{"footnotes":""},"class_list":["post-16","page","type-page","status-publish"],"_links":{"self":[{"href":"https:\/\/vili.hu\/index.php\/wp-json\/wp\/v2\/pages\/16","targetHints":{"allow":["GET"]}}],"collection":[{"href":"https:\/\/vili.hu\/index.php\/wp-json\/wp\/v2\/pages"}],"about":[{"href":"https:\/\/vili.hu\/index.php\/wp-json\/wp\/v2\/types\/page"}],"author":[{"embeddable":true,"href":"https:\/\/vili.hu\/index.php\/wp-json\/wp\/v2\/users\/1"}],"replies":[{"embeddable":true,"href":"https:\/\/vili.hu\/index.php\/wp-json\/wp\/v2\/comments?post=16"}],"version-history":[{"count":21,"href":"https:\/\/vili.hu\/index.php\/wp-json\/wp\/v2\/pages\/16\/revisions"}],"predecessor-version":[{"id":241,"href":"https:\/\/vili.hu\/index.php\/wp-json\/wp\/v2\/pages\/16\/revisions\/241"}],"wp:attachment":[{"href":"https:\/\/vili.hu\/index.php\/wp-json\/wp\/v2\/media?parent=16"}],"curies":[{"name":"wp","href":"https:\/\/api.w.org\/{rel}","templated":true}]}}