{"id":27,"date":"2023-03-25T23:53:25","date_gmt":"2023-03-25T22:53:25","guid":{"rendered":"https:\/\/vili.hu\/?page_id=27"},"modified":"2023-03-26T23:24:32","modified_gmt":"2023-03-26T21:24:32","slug":"keszthely","status":"publish","type":"page","link":"https:\/\/vili.hu\/index.php\/keszthely\/","title":{"rendered":"Keszthely"},"content":{"rendered":"<div class=\"n2_clear\"><ss3-force-full-width data-overflow-x=\"body\" data-horizontal-selector=\"body\"><div class=\"n2-section-smartslider fitvidsignore  n2_clear\" data-ssid=\"2\"><div id=\"n2-ss-2-align\" class=\"n2-ss-align\"><div class=\"n2-padding\"><div id=\"n2-ss-2\" data-creator=\"Smart Slider 3\" data-responsive=\"fullwidth\" class=\"n2-ss-slider n2-ow n2-has-hover n2notransition  \"><div class=\"n2-ss-slider-wrapper-inside\">\n        <div class=\"n2-ss-slider-1 n2_ss__touch_element n2-ow\">\n            <div class=\"n2-ss-slider-2 n2-ow\">\n                                                <div class=\"n2-ss-slider-3 n2-ow\">\n\n                    <div class=\"n2-ss-slide-backgrounds n2-ow-all\"><div class=\"n2-ss-slide-background\" data-public-id=\"1\" data-mode=\"fill\"><div class=\"n2-ss-slide-background-image\" data-blur=\"0\" data-opacity=\"100\" data-x=\"50\" data-y=\"50\" data-alt=\"\" data-title=\"\"><picture class=\"skip-lazy\" data-skip-lazy=\"1\"><img decoding=\"async\" src=\"\/\/vili.hu\/wp-content\/uploads\/2023\/03\/02.jpg\" alt=\"\" title=\"\" loading=\"lazy\" class=\"skip-lazy\" data-skip-lazy=\"1\"><\/picture><\/div><div data-color=\"RGBA(255,255,255,0)\" style=\"background-color: RGBA(255,255,255,0);\" class=\"n2-ss-slide-background-color\"><\/div><\/div><div class=\"n2-ss-slide-background\" data-public-id=\"2\" data-mode=\"fill\"><div class=\"n2-ss-slide-background-image\" data-blur=\"0\" data-opacity=\"100\" data-x=\"50\" data-y=\"50\" data-alt=\"\" data-title=\"\"><picture class=\"skip-lazy\" data-skip-lazy=\"1\"><img decoding=\"async\" src=\"\/\/vili.hu\/wp-content\/uploads\/2023\/03\/01-1.jpg\" alt=\"\" title=\"\" loading=\"lazy\" class=\"skip-lazy\" data-skip-lazy=\"1\"><\/picture><\/div><div data-color=\"RGBA(255,255,255,0)\" style=\"background-color: RGBA(255,255,255,0);\" class=\"n2-ss-slide-background-color\"><\/div><\/div><div class=\"n2-ss-slide-background\" data-public-id=\"3\" data-mode=\"fill\"><div class=\"n2-ss-slide-background-image\" data-blur=\"0\" data-opacity=\"100\" data-x=\"50\" data-y=\"50\" data-alt=\"\" data-title=\"\"><picture class=\"skip-lazy\" data-skip-lazy=\"1\"><img decoding=\"async\" src=\"\/\/vili.hu\/wp-content\/uploads\/2023\/03\/medium_5.jpg\" alt=\"\" title=\"\" loading=\"lazy\" class=\"skip-lazy\" data-skip-lazy=\"1\"><\/picture><\/div><div data-color=\"RGBA(255,255,255,0)\" style=\"background-color: RGBA(255,255,255,0);\" class=\"n2-ss-slide-background-color\"><\/div><\/div><\/div>                    <div class=\"n2-ss-slider-4 n2-ow\">\n                        <svg xmlns=\"http:\/\/www.w3.org\/2000\/svg\" viewBox=\"0 0 600 300\" data-related-device=\"desktopPortrait\" class=\"n2-ow n2-ss-preserve-size n2-ss-preserve-size--slider n2-ss-slide-limiter\"><\/svg><div data-slide-duration=\"0\" data-id=\"3\" data-slide-public-id=\"1\" data-title=\"02\" class=\"n2-ss-slide n2-ow  n2-ss-slide-3\"><div role=\"note\" class=\"n2-ss-slide--focus\" tabindex=\"-1\">02<\/div><div class=\"n2-ss-layers-container n2-ss-slide-limiter n2-ow\"><div class=\"n2-ss-layer n2-ow n-uc-vkcNkS68WxYI\" data-sstype=\"slide\" data-pm=\"default\"><\/div><\/div><\/div><div data-first=\"1\" data-slide-duration=\"0\" data-id=\"4\" data-slide-public-id=\"2\" data-title=\"01\" class=\"n2-ss-slide n2-ow  n2-ss-slide-4\"><div role=\"note\" class=\"n2-ss-slide--focus\" tabindex=\"-1\">01<\/div><div class=\"n2-ss-layers-container n2-ss-slide-limiter n2-ow\"><div class=\"n2-ss-layer n2-ow n-uc-r2Ed6VHUfUF8\" data-sstype=\"slide\" data-pm=\"default\"><\/div><\/div><\/div><div data-slide-duration=\"0\" data-id=\"5\" data-slide-public-id=\"3\" data-title=\"medium_5\" class=\"n2-ss-slide n2-ow  n2-ss-slide-5\"><div role=\"note\" class=\"n2-ss-slide--focus\" tabindex=\"-1\">medium_5<\/div><div class=\"n2-ss-layers-container n2-ss-slide-limiter n2-ow\"><div class=\"n2-ss-layer n2-ow n-uc-i1qhcdfizOPP\" data-sstype=\"slide\" data-pm=\"default\"><\/div><\/div><\/div>                    <\/div>\n\n                                    <\/div>\n            <\/div>\n        <\/div>\n        <div class=\"n2-ss-slider-controls n2-ss-slider-controls-absolute-left-center\"><div style=\"--widget-offset:15px;\" class=\"n2-ss-widget nextend-arrow n2-ow-all nextend-arrow-previous  nextend-arrow-animated-fade\" data-hide-mobileportrait=\"1\" id=\"n2-ss-2-arrow-previous\" role=\"button\" aria-label=\"previous arrow\" tabindex=\"0\"><img loading=\"lazy\" decoding=\"async\" width=\"32\" height=\"32\" class=\"skip-lazy\" data-skip-lazy=\"1\" src=\"data:image\/svg+xml;base64,PHN2ZyB3aWR0aD0iMzIiIGhlaWdodD0iMzIiIHZpZXdCb3g9IjAgMCAzMiAzMiIgeG1sbnM9Imh0dHA6Ly93d3cudzMub3JnLzIwMDAvc3ZnIj4KICAgIDxwYXRoIGQ9Ik0xMS40MzMgMTUuOTkyTDIyLjY5IDUuNzEyYy4zOTMtLjM5LjM5My0xLjAzIDAtMS40Mi0uMzkzLS4zOS0xLjAzLS4zOS0xLjQyMyAwbC0xMS45OCAxMC45NGMtLjIxLjIxLS4zLjQ5LS4yODUuNzYtLjAxNS4yOC4wNzUuNTYuMjg0Ljc3bDExLjk4IDEwLjk0Yy4zOTMuMzkgMS4wMy4zOSAxLjQyNCAwIC4zOTMtLjQuMzkzLTEuMDMgMC0xLjQybC0xMS4yNTctMTAuMjkiCiAgICAgICAgICBmaWxsPSIjZmZmZmZmIiBvcGFjaXR5PSIwLjgiIGZpbGwtcnVsZT0iZXZlbm9kZCIvPgo8L3N2Zz4=\" alt=\"previous arrow\"><\/div><\/div><div class=\"n2-ss-slider-controls n2-ss-slider-controls-absolute-right-center\"><div style=\"--widget-offset:15px;\" class=\"n2-ss-widget nextend-arrow n2-ow-all nextend-arrow-next  nextend-arrow-animated-fade\" data-hide-mobileportrait=\"1\" id=\"n2-ss-2-arrow-next\" role=\"button\" aria-label=\"next arrow\" tabindex=\"0\"><img loading=\"lazy\" decoding=\"async\" width=\"32\" height=\"32\" class=\"skip-lazy\" data-skip-lazy=\"1\" src=\"data:image\/svg+xml;base64,PHN2ZyB3aWR0aD0iMzIiIGhlaWdodD0iMzIiIHZpZXdCb3g9IjAgMCAzMiAzMiIgeG1sbnM9Imh0dHA6Ly93d3cudzMub3JnLzIwMDAvc3ZnIj4KICAgIDxwYXRoIGQ9Ik0xMC43MjIgNC4yOTNjLS4zOTQtLjM5LTEuMDMyLS4zOS0xLjQyNyAwLS4zOTMuMzktLjM5MyAxLjAzIDAgMS40MmwxMS4yODMgMTAuMjgtMTEuMjgzIDEwLjI5Yy0uMzkzLjM5LS4zOTMgMS4wMiAwIDEuNDIuMzk1LjM5IDEuMDMzLjM5IDEuNDI3IDBsMTIuMDA3LTEwLjk0Yy4yMS0uMjEuMy0uNDkuMjg0LS43Ny4wMTQtLjI3LS4wNzYtLjU1LS4yODYtLjc2TDEwLjcyIDQuMjkzeiIKICAgICAgICAgIGZpbGw9IiNmZmZmZmYiIG9wYWNpdHk9IjAuOCIgZmlsbC1ydWxlPSJldmVub2RkIi8+Cjwvc3ZnPg==\" alt=\"next arrow\"><\/div><\/div><\/div><\/div><ss3-loader><\/ss3-loader><\/div><\/div><div class=\"n2_clear\"><\/div><\/div><\/ss3-force-full-width><\/div>\n\n\n<hr class=\"wp-block-separator has-alpha-channel-opacity\"\/>\n\n\n\n<p><\/p>\n\n\n\n<p>Keszthely 765 \u00e9ves m\u00faltj\u00e1val, p\u00e1ratlan l\u00e1tnival\u00f3ival, saj\u00e1tos \u00e9p\u00edtett \u00e9s term\u00e9szeti \u00e9rt\u00e9keivel m\u00e9lt\u00e1n viseli a &#8222;Balaton f\u0151v\u00e1rosa&#8221;c\u00edmet. A patin\u00e1s v\u00e1rosk\u00e9p, a k\u00fcl\u00f6nb\u00f6z\u0151 korok t\u00f6rt\u00e9nelmi \u00f6r\u00f6ks\u00e9g\u00e9nek<br>tal\u00e1lkoz\u00e1sa, a vil\u00e1gh\u00edr\u0171 Festetics kast\u00e9ly, a Balaton egyetlen korh\u0171en fel\u00faj\u00edtott szigetf\u00fcrd\u0151je saj\u00e1tos hangulatot k\u00f6lcs\u00f6n\u00f6z a v\u00e1rosnak. Gazdag kult\u00fart\u00f6rt\u00e9net\u00e9vel, \u00e9vsz\u00e1zadokra visszany\u00fal\u00f3 iskolav\u00e1rosi hagyom\u00e1nyaival, v\u00e1ltozatos programk\u00edn\u00e1latot ny\u00fajt\u00f3sz\u00ednh\u00e1z\u00e1val Keszthely<br>ma is idegenforgalmi \u00e9s szellemi k\u00f6zpontja a k\u00f6rny\u00e9knek. Hangulatos \u00e9ttermekben,k\u00e1v\u00e9z\u00f3kban, esti-\u00e9jszakai sz\u00f3rakoz\u00f3helyekben sincs hi\u00e1ny a v\u00e1rosban.<\/p>\n\n\n\n<p>Keszthelyen \u00e9s k\u00f6rny\u00e9k\u00e9n kiv\u00e9telesen szerencs\u00e9s m\u00f3don minden egy\u00fctt van, ami egy kellemes nyaral\u00e1shoz sz\u00fcks\u00e9ges. A v\u00e1ros adta lehet\u0151s\u00e9geken t\u00fal a Keszthelyi-hegys\u00e9g \u00e9s a Kis-Balaton \u0096 egyed\u00fcl\u00e1ll\u00f3 \u00e1llat- \u00e9s n\u00f6v\u00e9nyvil\u00e1g\u00e1val \u0096 sz\u00e1mos kellemes kir\u00e1ndul\u00e1si lehet\u0151s\u00e9get, t\u00fara\u00fatvonalat<br>k\u00edn\u00e1l, gyalogosan, ker\u00e9kp\u00e1rral, vagy ak\u00e1r l\u00f3h\u00e1ton. \u00e9rdemes megl\u00e1togatni a fen\u00e9kpusztai r\u00f3mai kori er\u0151d romjait, \u00e9s kihagyhatatlan egy k\u00f6rny\u00e9kbeli bort\u00fara vagy a s\u00e9tahaj\u00f3z\u00e1s a Balatonon. Es\u0151ben is eg\u00e9sz napos programot ny\u00fajt a Festetics kast\u00e9ly ki\u00e1ll\u00edt\u00e1s\u00e1nak megtekint\u00e9se, \u00e9s<br>a v\u00e1ros t\u00f6bbi m\u00fazeuma is.<\/p>\n\n\n\n<p>Tartalmas, \u00e9lm\u00e9nyekben gazdag nyaral\u00e1st \u00edg\u00e9r Keszthely minden vend\u00e9g\u00e9nek, ak\u00e1r nyugodt kikapcsol\u00f3d\u00e1s c\u00e9lj\u00e1b\u00f3l \u00e9rkezik ide a l\u00e1togat\u00f3, ak\u00e1r akt\u00edv pihen\u00e9sre, sportra, kir\u00e1ndul\u00e1sra v\u00e1gyik, ak\u00e1r a kultur\u00e1lis \u00e9lm\u00e9nyekre nyitott.<\/p>\n","protected":false},"excerpt":{"rendered":"<p>Keszthely 765 \u00e9ves m\u00faltj\u00e1val, p\u00e1ratlan l\u00e1tnival\u00f3ival, saj\u00e1tos \u00e9p\u00edtett \u00e9s term\u00e9szeti \u00e9rt\u00e9keivel m\u00e9lt\u00e1n viseli a &#8222;Balaton f\u0151v\u00e1rosa&#8221;c\u00edmet. A patin\u00e1s v\u00e1rosk\u00e9p, a k\u00fcl\u00f6nb\u00f6z\u0151 korok t\u00f6rt\u00e9nelmi \u00f6r\u00f6ks\u00e9g\u00e9nektal\u00e1lkoz\u00e1sa, a vil\u00e1gh\u00edr\u0171 Festetics kast\u00e9ly, a Balaton egyetlen korh\u0171en fel\u00faj\u00edtott szigetf\u00fcrd\u0151je saj\u00e1tos hangulatot k\u00f6lcs\u00f6n\u00f6z a v\u00e1rosnak. Gazdag kult\u00fart\u00f6rt\u00e9net\u00e9vel, \u00e9vsz\u00e1zadokra visszany\u00fal\u00f3 iskolav\u00e1rosi hagyom\u00e1nyaival, v\u00e1ltozatos programk\u00edn\u00e1latot ny\u00fajt\u00f3sz\u00ednh\u00e1z\u00e1val Keszthelyma is idegenforgalmi \u00e9s szellemi k\u00f6zpontja a &#8230; <a title=\"Keszthely\" class=\"read-more\" href=\"https:\/\/vili.hu\/index.php\/keszthely\/\" aria-label=\"Tov\u00e1bbiak Keszthely\">Olvass tov\u00e1bb<\/a><\/p>\n","protected":false},"author":1,"featured_media":0,"parent":0,"menu_order":0,"comment_status":"closed","ping_status":"open","template":"","meta":{"footnotes":""},"class_list":["post-27","page","type-page","status-publish"],"_links":{"self":[{"href":"https:\/\/vili.hu\/index.php\/wp-json\/wp\/v2\/pages\/27","targetHints":{"allow":["GET"]}}],"collection":[{"href":"https:\/\/vili.hu\/index.php\/wp-json\/wp\/v2\/pages"}],"about":[{"href":"https:\/\/vili.hu\/index.php\/wp-json\/wp\/v2\/types\/page"}],"author":[{"embeddable":true,"href":"https:\/\/vili.hu\/index.php\/wp-json\/wp\/v2\/users\/1"}],"replies":[{"embeddable":true,"href":"https:\/\/vili.hu\/index.php\/wp-json\/wp\/v2\/comments?post=27"}],"version-history":[{"count":8,"href":"https:\/\/vili.hu\/index.php\/wp-json\/wp\/v2\/pages\/27\/revisions"}],"predecessor-version":[{"id":184,"href":"https:\/\/vili.hu\/index.php\/wp-json\/wp\/v2\/pages\/27\/revisions\/184"}],"wp:attachment":[{"href":"https:\/\/vili.hu\/index.php\/wp-json\/wp\/v2\/media?parent=27"}],"curies":[{"name":"wp","href":"https:\/\/api.w.org\/{rel}","templated":true}]}}